{"id":18,"date":"2025-09-19T08:23:38","date_gmt":"2025-09-19T11:23:38","guid":{"rendered":"http:\/\/adiinformatica.com.br\/?page_id=18"},"modified":"2025-09-30T16:04:56","modified_gmt":"2025-09-30T19:04:56","slug":"home","status":"publish","type":"page","link":"http:\/\/adiinformatica.com.br\/","title":{"rendered":"Home"},"content":{"rendered":"<h5>Qualidade e confian\u00e7a<\/h5>\n<h1>Solu\u00e7\u00f5es inteligentes em tecnologia para voc\u00ea<\/h1>\n<p>Desde 2008, oferecemos produtos de inform\u00e1tica de alta qualidade, incluindo computadores, notebooks e impressoras. Nossa equipe \u00e9 especializada em assist\u00eancia t\u00e9cnica, garantindo que voc\u00ea tenha sempre o suporte necess\u00e1rio. Conhe\u00e7a nossas solu\u00e7\u00f5es e descubra como podemos atender suas necessidades.<\/p>\n<p>\t\t\t\t\t\t\t\t<a href=\"#\"><br \/>\n\t\t\t\t\t\t\t\t\tSaiba mais<br \/>\n\t\t\t\t\t<\/a><\/p>\n<h1>Quem somos<\/h1>\n<p>Desde 2008, estamos \u00e0 frente no mercado de inform\u00e1tica, oferecendo solu\u00e7\u00f5es em tecnologia com foco na venda de computadores, notebooks, impressoras e mobili\u00e1rio de escrit\u00f3rio. Nossa miss\u00e3o \u00e9 proporcionar aos nossos clientes produtos de qualidade e assist\u00eancia t\u00e9cnica especializada, garantindo um atendimento diferenciado que constr\u00f3i confian\u00e7a em cada intera\u00e7\u00e3o.<\/p>\n<p>\t\t\t\t\t\t\t\t<a href=\"#\"><br \/>\n\t\t\t\t\t\t\t\t\tSaiba mais<br \/>\n\t\t\t\t\t<\/a><\/p>\n<h2>Nossos Servi\u00e7os<\/h2>\n<h5>Descubra nossos principais servi\u00e7os e como podemos ajudar voc\u00ea.<\/h5>\n<h4>Venda de Computadores<\/h4>\n<p>Oferecemos uma variedade de computadores e notebooks de \u00faltima gera\u00e7\u00e3o para atender suas necessidades.<\/p>\n<h4>Assist\u00eancia T\u00e9cnica<\/h4>\n<p>Nossa equipe de especialistas est\u00e1 pronta para resolver qualquer problema t\u00e9cnico rapidamente.<\/p>\n<h4>M\u00f3veis de Escrit\u00f3rio<\/h4>\n<p>Fornecemos m\u00f3veis funcionais e modernos para otimizar seu espa\u00e7o de trabalho.<\/p>\n<h2>Depoimentos de Clientes<\/h2>\n<h3>Nossos clientes confiam em n\u00f3s; veja o que eles dizem!<\/h3>\n<h2>Solicite seu or\u00e7amento hoje mesmo!<\/h2>\n<p>Entre em contato para descobrir como nossos produtos e servi\u00e7os podem atender \u00e0s suas necessidades. Nossa equipe est\u00e1 pronta para lhe oferecer o melhor suporte e solu\u00e7\u00f5es personalizadas. Aproveite a oportunidade de obter um or\u00e7amento que se encaixe no seu projeto e expectativas.<\/p>\n<p>\t\t\t\t\t\t\t\t<a href=\"#\"><br \/>\n\t\t\t\t\t\t\t\t\tPreencher Formul\u00e1rio<br \/>\n\t\t\t\t\t<\/a><\/p>\n<h2>Conecte-se conosco<\/h2>\n<h2>Localiza\u00e7\u00e3o da nossa empresa<\/h2>\n<p>Entre em contato facilmente para tirar suas d\u00favidas ou solicitar suporte.<\/p>\n<p>\t\t\t<iframe loading=\"lazy\"\n\t\t\t\t\tsrc=\"https:\/\/maps.google.com\/maps?q=Avenida%20Paulista%2C%201000%2C%20S%C3%A3o%20Paulo%2C%20SP&#038;t=m&#038;z=10&#038;output=embed&#038;iwloc=near\"\n\t\t\t\t\ttitle=\"Avenida Paulista, 1000, S\u00e3o Paulo, SP\"\n\t\t\t\t\taria-label=\"Avenida Paulista, 1000, S\u00e3o Paulo, SP\"\n\t\t\t><\/iframe><br \/>\n\t\t\t\t<svg aria-hidden=\"true\" viewBox=\"0 0 512 512\" xmlns=\"http:\/\/www.w3.org\/2000\/svg\"><path d=\"M502.3 190.8c3.9-3.1 9.7-.2 9.7 4.7V400c0 26.5-21.5 48-48 48H48c-26.5 0-48-21.5-48-48V195.6c0-5 5.7-7.8 9.7-4.7 22.4 17.4 52.1 39.5 154.1 113.6 21.1 15.4 56.7 47.8 92.2 47.6 35.7.3 72-32.8 92.3-47.6 102-74.1 131.6-96.3 154-113.7zM256 320c23.2.4 56.6-29.2 73.4-41.4 132.7-96.3 142.8-104.7 173.4-128.7 5.8-4.5 9.2-11.5 9.2-18.9v-19c0-26.5-21.5-48-48-48H48C21.5 64 0 85.5 0 112v19c0 7.4 3.4 14.3 9.2 18.9 30.6 23.9 40.7 32.4 173.4 128.7 16.8 12.2 50.2 41.8 73.4 41.4z\"><\/path><\/svg>\t\t\t\t<\/p>\n<h3>\n\t\t\t\t\t\t\tE-mail<br \/>\n\t\t\t\t\t<\/h3>\n<p>\n\t\t\t\t\t\tEnvie suas perguntas e solicita\u00e7\u00f5es.\t\t\t\t\t<\/p>\n<p>\t\t\t\t\t\t\t\t\t\t\t\t<a href=\"#\"><br \/>\n\t\t\t\t\t\t\t\t\tcontato@empresa.com.br<br \/>\n\t\t\t\t\t<\/a><br \/>\n\t\t\t\t<svg aria-hidden=\"true\" viewBox=\"0 0 512 512\" xmlns=\"http:\/\/www.w3.org\/2000\/svg\"><path d=\"M497.39 361.8l-112-48a24 24 0 0 0-28 6.9l-49.6 60.6A370.66 370.66 0 0 1 130.6 204.11l60.6-49.6a23.94 23.94 0 0 0 6.9-28l-48-112A24.16 24.16 0 0 0 122.6.61l-104 24A24 24 0 0 0 0 48c0 256.5 207.9 464 464 464a24 24 0 0 0 23.4-18.6l24-104a24.29 24.29 0 0 0-14.01-27.6z\"><\/path><\/svg>\t\t\t\t<\/p>\n<h3>\n\t\t\t\t\t\t\tTelefone<br \/>\n\t\t\t\t\t<\/h3>\n<p>\n\t\t\t\t\t\tEstamos dispon\u00edveis para atend\u00ea-lo.\t\t\t\t\t<\/p>\n<p>\t\t\t\t\t\t\t\t\t\t\t\t<a href=\"#\"><br \/>\n\t\t\t\t\t\t\t\t\t+55 11 1234-5678<br \/>\n\t\t\t\t\t<\/a><br \/>\n\t\t\t\t<svg aria-hidden=\"true\" viewBox=\"0 0 384 512\" xmlns=\"http:\/\/www.w3.org\/2000\/svg\"><path d=\"M172.268 501.67C26.97 291.031 0 269.413 0 192 0 85.961 85.961 0 192 0s192 85.961 192 192c0 77.413-26.97 99.031-172.268 309.67-9.535 13.774-29.93 13.773-39.464 0zM192 272c44.183 0 80-35.817 80-80s-35.817-80-80-80-80 35.817-80 80 35.817 80 80 80z\"><\/path><\/svg>\t\t\t\t<\/p>\n<h3>\n\t\t\t\t\t\t\tEscrit\u00f3rio<br \/>\n\t\t\t\t\t<\/h3>\n<p>\n\t\t\t\t\t\tRua das Flores, 200, S\u00e3o Paulo, SP\t\t\t\t\t<\/p>\n<p>\t\t\t\t\t\t\t\t\t\t\t\t<a href=\"#\"><br \/>\n\t\t\t\t<svg aria-hidden=\"true\" viewBox=\"0 0 320 512\" xmlns=\"http:\/\/www.w3.org\/2000\/svg\"><path d=\"M285.476 272.971L91.132 467.314c-9.373 9.373-24.569 9.373-33.941 0l-22.667-22.667c-9.357-9.357-9.375-24.522-.04-33.901L188.505 256 34.484 101.255c-9.335-9.379-9.317-24.544.04-33.901l22.667-22.667c9.373-9.373 24.569-9.373 33.941 0L285.475 239.03c9.373 9.372 9.373 24.568.001 33.941z\"><\/path><\/svg><br \/>\n\t\t\t\t\t\t\t\t\tComo chegar<br \/>\n\t\t\t\t\t<\/a><br \/>\n\t\t\t\t<svg aria-hidden=\"true\" viewBox=\"0 0 576 512\" xmlns=\"http:\/\/www.w3.org\/2000\/svg\"><path d=\"M259.3 17.8L194 150.2 47.9 171.5c-26.2 3.8-36.7 36.1-17.7 54.6l105.7 103-25 145.5c-4.5 26.3 23.2 46 46.4 33.7L288 439.6l130.7 68.7c23.2 12.2 50.9-7.4 46.4-33.7l-25-145.5 105.7-103c19-18.5 8.5-50.8-17.7-54.6L382 150.2 316.7 17.8c-11.7-23.6-45.6-23.9-57.4 0z\"><\/path><\/svg>\t\t\t\t<\/p>\n<h3>\n\t\t\t\t\t\t\tSiga-nos<br \/>\n\t\t\t\t\t<\/h3>\n<p>\n\t\t\t\t\t\tAcompanhe nossas atualiza\u00e7\u00f5es e novidades.\t\t\t\t\t<\/p>\n<p>\t\t\t\t\t<a href=\"#\" target=\"_blank\"><br \/>\n\t\t\t\t\t\tFacebook-f<br \/>\n\t\t\t\t\t\t<svg aria-hidden=\"true\" viewBox=\"0 0 320 512\" xmlns=\"http:\/\/www.w3.org\/2000\/svg\"><path d=\"M279.14 288l14.22-92.66h-88.91v-60.13c0-25.35 12.42-50.06 52.24-50.06h40.42V6.26S260.43 0 225.36 0c-73.22 0-121.08 44.38-121.08 124.72v70.62H22.89V288h81.39v224h100.17V288z\"><\/path><\/svg>\t\t\t\t\t<\/a><br \/>\n\t\t\t\t\t<a href=\"#\" target=\"_blank\"><br \/>\n\t\t\t\t\t\tTwitter<br \/>\n\t\t\t\t\t\t<svg aria-hidden=\"true\" viewBox=\"0 0 512 512\" xmlns=\"http:\/\/www.w3.org\/2000\/svg\"><path d=\"M459.37 151.716c.325 4.548.325 9.097.325 13.645 0 138.72-105.583 298.558-298.558 298.558-59.452 0-114.68-17.219-161.137-47.106 8.447.974 16.568 1.299 25.34 1.299 49.055 0 94.213-16.568 130.274-44.832-46.132-.975-84.792-31.188-98.112-72.772 6.498.974 12.995 1.624 19.818 1.624 9.421 0 18.843-1.3 27.614-3.573-48.081-9.747-84.143-51.98-84.143-102.985v-1.299c13.969 7.797 30.214 12.67 47.431 13.319-28.264-18.843-46.781-51.005-46.781-87.391 0-19.492 5.197-37.36 14.294-52.954 51.655 63.675 129.3 105.258 216.365 109.807-1.624-7.797-2.599-15.918-2.599-24.04 0-57.828 46.782-104.934 104.934-104.934 30.213 0 57.502 12.67 76.67 33.137 23.715-4.548 46.456-13.32 66.599-25.34-7.798 24.366-24.366 44.833-46.132 57.827 21.117-2.273 41.584-8.122 60.426-16.243-14.292 20.791-32.161 39.308-52.628 54.253z\"><\/path><\/svg>\t\t\t\t\t<\/a><\/p>\n","protected":false},"excerpt":{"rendered":"<p>Qualidade e confian\u00e7a Solu\u00e7\u00f5es inteligentes em tecnologia para voc\u00ea Desde 2008, oferecemos produtos de inform\u00e1tica de alta qualidade, incluindo computadores, notebooks e impressoras. Nossa equipe \u00e9 especializada em assist\u00eancia t\u00e9cnica, garantindo que voc\u00ea tenha sempre o suporte necess\u00e1rio. Conhe\u00e7a nossas solu\u00e7\u00f5es e descubra como podemos atender suas necessidades. Saiba mais Quem somos Desde 2008, estamos [&hellip;]<\/p>\n","protected":false},"author":1,"featured_media":0,"parent":0,"menu_order":0,"comment_status":"closed","ping_status":"closed","template":"","meta":{"_kadence_starter_templates_imported_post":false,"footnotes":""},"class_list":["post-18","page","type-page","status-publish","hentry"],"_links":{"self":[{"href":"http:\/\/adiinformatica.com.br\/index.php?rest_route=\/wp\/v2\/pages\/18","targetHints":{"allow":["GET"]}}],"collection":[{"href":"http:\/\/adiinformatica.com.br\/index.php?rest_route=\/wp\/v2\/pages"}],"about":[{"href":"http:\/\/adiinformatica.com.br\/index.php?rest_route=\/wp\/v2\/types\/page"}],"author":[{"embeddable":true,"href":"http:\/\/adiinformatica.com.br\/index.php?rest_route=\/wp\/v2\/users\/1"}],"replies":[{"embeddable":true,"href":"http:\/\/adiinformatica.com.br\/index.php?rest_route=%2Fwp%2Fv2%2Fcomments&post=18"}],"version-history":[{"count":5,"href":"http:\/\/adiinformatica.com.br\/index.php?rest_route=\/wp\/v2\/pages\/18\/revisions"}],"predecessor-version":[{"id":74,"href":"http:\/\/adiinformatica.com.br\/index.php?rest_route=\/wp\/v2\/pages\/18\/revisions\/74"}],"wp:attachment":[{"href":"http:\/\/adiinformatica.com.br\/index.php?rest_route=%2Fwp%2Fv2%2Fmedia&parent=18"}],"curies":[{"name":"wp","href":"https:\/\/api.w.org\/{rel}","templated":true}]}}